{"id":3306,"date":"2019-05-24T08:24:26","date_gmt":"2019-05-24T08:24:26","guid":{"rendered":"https:\/\/newsite.arven.it\/?page_id=3306"},"modified":"2025-05-28T12:17:46","modified_gmt":"2025-05-28T12:17:46","slug":"produzione","status":"publish","type":"page","link":"https:\/\/www.arven.it\/it\/produzione\/","title":{"rendered":"LAVORAZIONI"},"content":{"rendered":"<div class=\"wpb-content-wrapper\"><p>[vc_row][vc_column]\r\n\t<div class=\"wprt-spacer clearfix\" data-desktop=\"70\" data-mobi=\"50\" data-smobi=\"50\"><\/div><div class=\"wprt-headings clearfix text-center\"  style=\"\"><h2 class=\"heading clearfix\" style=\"font-weight:700;margin-bottom:3px;\">\r\n\t\tLAVORAZIONI\r\n\t<\/h2><div class=\"sep accent clearfix\" style=\"width:60px;height:3px;\"><\/div><p class=\"sub-heading clearfix\" style=\"font-style:normal;font-size:14px;line-height:28px;margin-top:11px;max-width:900px; margin-left: auto; margin-right: auto;font-family:Montserrat;\">\r\n\t\tL\u2019Azienda ARVEN Srl primeggia in particolare nel mercato delle pompe sommergibili in acciaio inox, grazie all\u2019esperienza e al knowhow sviluppati direttamente nel mercato con l\u2019ausilio di una moderna sala prove interna, diventando quindi un punto di riferimento nel suo settore.<br \/>\nLa progettazione accurata e la realizzazione mediante le pi\u00f9 moderne tecnologie, assicurano ai nostri prodotti uno standard di qualit\u00e0 elevato e costante. Ogni pezzo prodotto dalla ARVEN \u00e8 stato sottoposto ed ha superato tutta una serie di controlli richiesti dalle normative e dai capitolati qualitativi internazionali vigenti.\r\n\t<\/p><\/div>\r\n\t<div class=\"wprt-spacer clearfix\" data-desktop=\"35\" data-mobi=\"35\" data-smobi=\"35\"><\/div>\r\n\t<div class=\"wprt-spacer clearfix\" data-desktop=\"75\" data-mobi=\"50\" data-smobi=\"50\"><\/div>[\/vc_column][\/vc_row][vc_row full_width=&#8221;stretch_row_content_no_spaces&#8221; el_class=&#8221;equalize sm-equalize-auto&#8221; css=&#8221;.vc_custom_1512441699751{background-color: #f7f7f7 !important;}&#8221;][vc_column width=&#8221;1\/2&#8243; css=&#8221;.vc_custom_1512441291294{background-image: url(https:\/\/www.arven.it\/wp-content\/uploads\/2017\/10\/section_img2.jpg?id=2023) !important;background-position: center !important;background-repeat: no-repeat !important;background-size: cover !important;}&#8221;]<div class=\"wprt-content-box clearfix \" data-padding=\"\" data-mobipadding=\"\" data-margin=\"10% 10%\" data-mobimargin=\"8%\">\r\n\t\t<div class=\"inner \" style=\"\">\r\n\t\t\t<div class=\"wprt-headings clearfix \"  style=\"\"><h2 class=\"heading clearfix\" style=\"font-weight:700;margin-bottom:5px;\">\r\n\t\tDEFORMAZIONE A FREDDO DELL'ACCIAIO\r\n\t<\/h2><div class=\"sep accent clearfix\" style=\"width:60px;height:3px;\"><\/div><\/div>\n\r\n\t\t<\/div>\r\n\t<\/div>[\/vc_column][vc_column width=&#8221;1\/2&#8243;][vc_single_image image=&#8221;3328&#8243;][\/vc_column][\/vc_row][vc_row full_width=&#8221;stretch_row_content_no_spaces&#8221; el_class=&#8221;equalize sm-equalize-auto&#8221; css=&#8221;.vc_custom_1512441699751{background-color: #f7f7f7 !important;}&#8221;][vc_column width=&#8221;1\/2&#8243; css=&#8221;.vc_custom_1512441291294{background-image: url(https:\/\/www.arven.it\/wp-content\/uploads\/2017\/10\/section_img2.jpg?id=2023) !important;background-position: center !important;background-repeat: no-repeat !important;background-size: cover !important;}&#8221;][vc_single_image image=&#8221;3333&#8243; alignment=&#8221;right&#8221;][\/vc_column][vc_column width=&#8221;1\/2&#8243;]<div class=\"wprt-content-box clearfix \" data-padding=\"\" data-mobipadding=\"\" data-margin=\"10% 10%\" data-mobimargin=\"8%\">\r\n\t\t<div class=\"inner \" style=\"\">\r\n\t\t\t<div class=\"wprt-headings clearfix \"  style=\"\"><h2 class=\"heading clearfix\" style=\"font-weight:700;margin-bottom:5px;\">\r\n\t\tAVVOLGIMENTI ELETTRICI\r\n\t<\/h2><div class=\"sep accent clearfix\" style=\"width:60px;height:3px;\"><\/div><\/div>\n\r\n\t\t<\/div>\r\n\t<\/div>[\/vc_column][\/vc_row][vc_row full_width=&#8221;stretch_row_content_no_spaces&#8221; el_class=&#8221;equalize sm-equalize-auto&#8221; css=&#8221;.vc_custom_1512441699751{background-color: #f7f7f7 !important;}&#8221;][vc_column width=&#8221;1\/2&#8243; css=&#8221;.vc_custom_1512441291294{background-image: url(https:\/\/www.arven.it\/wp-content\/uploads\/2017\/10\/section_img2.jpg?id=2023) !important;background-position: center !important;background-repeat: no-repeat !important;background-size: cover !important;}&#8221;]<div class=\"wprt-content-box clearfix \" data-padding=\"\" data-mobipadding=\"\" data-margin=\"10% 10%\" data-mobimargin=\"8%\">\r\n\t\t<div class=\"inner \" style=\"\">\r\n\t\t\t<div class=\"wprt-headings clearfix \"  style=\"\"><h2 class=\"heading clearfix\" style=\"font-weight:700;margin-bottom:5px;\">\r\n\t\tALBERI CON SALDATURA AISI316\r\n\t<\/h2><div class=\"sep accent clearfix\" style=\"width:60px;height:3px;\"><\/div><\/div>\n\r\n\t\t<\/div>\r\n\t<\/div>[\/vc_column][vc_column width=&#8221;1\/2&#8243;][vc_single_image image=&#8221;3331&#8243;][\/vc_column][\/vc_row][vc_row full_width=&#8221;stretch_row_content_no_spaces&#8221; el_class=&#8221;equalize sm-equalize-auto&#8221; css=&#8221;.vc_custom_1512441699751{background-color: #f7f7f7 !important;}&#8221;][vc_column width=&#8221;1\/2&#8243; css=&#8221;.vc_custom_1512441291294{background-image: url(https:\/\/www.arven.it\/wp-content\/uploads\/2017\/10\/section_img2.jpg?id=2023) !important;background-position: center !important;background-repeat: no-repeat !important;background-size: cover !important;}&#8221;][vc_single_image image=&#8221;3329&#8243;][\/vc_column][vc_column width=&#8221;1\/2&#8243;]<div class=\"wprt-content-box clearfix \" data-padding=\"\" data-mobipadding=\"\" data-margin=\"10% 10%\" data-mobimargin=\"8%\">\r\n\t\t<div class=\"inner \" style=\"\">\r\n\t\t\t<div class=\"wprt-headings clearfix \"  style=\"\"><h2 class=\"heading clearfix\" style=\"font-weight:700;margin-bottom:5px;\">\r\n\t\tASSEMBLAGGIO, FINITURA, TEST\r\n\t<\/h2><div class=\"sep accent clearfix\" style=\"width:60px;height:3px;\"><\/div><\/div>\n\r\n\t\t<\/div>\r\n\t<\/div>[\/vc_column][\/vc_row][vc_row full_width=&#8221;stretch_row_content_no_spaces&#8221; el_class=&#8221;equalize sm-equalize-auto&#8221; css=&#8221;.vc_custom_1512441699751{background-color: #f7f7f7 !important;}&#8221;][vc_column width=&#8221;1\/2&#8243; css=&#8221;.vc_custom_1512441291294{background-image: url(https:\/\/www.arven.it\/wp-content\/uploads\/2017\/10\/section_img2.jpg?id=2023) !important;background-position: center !important;background-repeat: no-repeat !important;background-size: cover !important;}&#8221;]<div class=\"wprt-content-box clearfix \" data-padding=\"\" data-mobipadding=\"\" data-margin=\"10% 10%\" data-mobimargin=\"8%\">\r\n\t\t<div class=\"inner \" style=\"\">\r\n\t\t\t<div class=\"wprt-headings clearfix \"  style=\"\"><h2 class=\"heading clearfix\" style=\"font-weight:700;margin-bottom:5px;\">\r\n\t\tCOMPONENTI FONDERIA DI FUSIONE IN GHISA E ACCIAIO\r\n\t<\/h2><div class=\"sep accent clearfix\" style=\"width:60px;height:3px;\"><\/div><\/div>\n\r\n\t\t<\/div>\r\n\t<\/div>[\/vc_column][vc_column width=&#8221;1\/2&#8243;][vc_single_image image=&#8221;3334&#8243;][\/vc_column][\/vc_row]<\/p>\n<\/div>","protected":false},"excerpt":{"rendered":"<p>[vc_row][vc_column][\/vc_column][\/vc_row][vc_row full_width=&#8221;stretch_row_content_no_spaces&#8221; el_class=&#8221;equalize sm-equalize-auto&#8221; css=&#8221;.vc_custom_1512441699751{background-color: #f7f7f7 !important;}&#8221;][vc_column width=&#8221;1\/2&#8243; css=&#8221;.vc_custom_1512441291294{background-image: url(https:\/\/www.arven.it\/wp-content\/uploads\/2017\/10\/section_img2.jpg?id=2023) !important;background-position: center !important;background-repeat: no-repeat !important;background-size: cover !important;}&#8221;][\/vc_column][vc_column width=&#8221;1\/2&#8243;][vc_single_image image=&#8221;3328&#8243;][\/vc_column][\/vc_row][vc_row full_width=&#8221;stretch_row_content_no_spaces&#8221; el_class=&#8221;equalize sm-equalize-auto&#8221; css=&#8221;.vc_custom_1512441699751{background-color: #f7f7f7 !important;}&#8221;][vc_column width=&#8221;1\/2&#8243; css=&#8221;.vc_custom_1512441291294{background-image: url(https:\/\/www.arven.it\/wp-content\/uploads\/2017\/10\/section_img2.jpg?id=2023) !important;background-position: center !important;background-repeat: no-repeat !important;background-size: cover !important;}&#8221;][vc_single_image image=&#8221;3333&#8243; alignment=&#8221;right&#8221;][\/vc_column][vc_column width=&#8221;1\/2&#8243;][\/vc_column][\/vc_row][vc_row full_width=&#8221;stretch_row_content_no_spaces&#8221; el_class=&#8221;equalize sm-equalize-auto&#8221; css=&#8221;.vc_custom_1512441699751{background-color: #f7f7f7 !important;}&#8221;][vc_column width=&#8221;1\/2&#8243; css=&#8221;.vc_custom_1512441291294{background-image: url(https:\/\/www.arven.it\/wp-content\/uploads\/2017\/10\/section_img2.jpg?id=2023) !important;background-position: center !important;background-repeat: no-repeat !important;background-size: cover !important;}&#8221;][\/vc_column][vc_column width=&#8221;1\/2&#8243;][vc_single_image image=&#8221;3331&#8243;][\/vc_column][\/vc_row][vc_row full_width=&#8221;stretch_row_content_no_spaces&#8221; el_class=&#8221;equalize sm-equalize-auto&#8221; css=&#8221;.vc_custom_1512441699751{background-color: #f7f7f7 !important;}&#8221;][vc_column width=&#8221;1\/2&#8243; css=&#8221;.vc_custom_1512441291294{background-image: url(https:\/\/www.arven.it\/wp-content\/uploads\/2017\/10\/section_img2.jpg?id=2023) !important;background-position: center !important;background-repeat: no-repeat !important;background-size: cover !important;}&#8221;][vc_single_image image=&#8221;3329&#8243;][\/vc_column][vc_column width=&#8221;1\/2&#8243;][\/vc_column][\/vc_row][vc_row full_width=&#8221;stretch_row_content_no_spaces&#8221; el_class=&#8221;equalize sm-equalize-auto&#8221; css=&#8221;.vc_custom_1512441699751{background-color: #f7f7f7 !important;}&#8221;][vc_column width=&#8221;1\/2&#8243; css=&#8221;.vc_custom_1512441291294{background-image: url(https:\/\/www.arven.it\/wp-content\/uploads\/2017\/10\/section_img2.jpg?id=2023) !important;background-position: center !important;background-repeat: no-repeat !important;background-size: cover !important;}&#8221;][\/vc_column][vc_column width=&#8221;1\/2&#8243;][vc_single_image image=&#8221;3334&#8243;][\/vc_column][\/vc_row]<\/p>\n","protected":false},"author":1,"featured_media":0,"parent":0,"menu_order":0,"comment_status":"closed","ping_status":"closed","template":"elementor_header_footer","meta":{"footnotes":""},"_links":{"self":[{"href":"https:\/\/www.arven.it\/it\/wp-json\/wp\/v2\/pages\/3306"}],"collection":[{"href":"https:\/\/www.arven.it\/it\/wp-json\/wp\/v2\/pages"}],"about":[{"href":"https:\/\/www.arven.it\/it\/wp-json\/wp\/v2\/types\/page"}],"author":[{"embeddable":true,"href":"https:\/\/www.arven.it\/it\/wp-json\/wp\/v2\/users\/1"}],"replies":[{"embeddable":true,"href":"https:\/\/www.arven.it\/it\/wp-json\/wp\/v2\/comments?post=3306"}],"version-history":[{"count":26,"href":"https:\/\/www.arven.it\/it\/wp-json\/wp\/v2\/pages\/3306\/revisions"}],"predecessor-version":[{"id":13869,"href":"https:\/\/www.arven.it\/it\/wp-json\/wp\/v2\/pages\/3306\/revisions\/13869"}],"wp:attachment":[{"href":"https:\/\/www.arven.it\/it\/wp-json\/wp\/v2\/media?parent=3306"}],"curies":[{"name":"wp","href":"https:\/\/api.w.org\/{rel}","templated":true}]}}